{"id":1698,"date":"2018-04-18T02:55:54","date_gmt":"2018-04-18T09:55:54","guid":{"rendered":"https:\/\/www.brainsolutionscenter.com\/preguntas-frecuentes\/"},"modified":"2025-08-11T16:31:02","modified_gmt":"2025-08-11T23:31:02","slug":"preguntas-frecuentes","status":"publish","type":"page","link":"https:\/\/www.brainsolutionscenter.com\/es\/preguntas-frecuentes\/","title":{"rendered":"PREGUNTAS FRECUENTES"},"content":{"rendered":"<div id='av-layout-grid-1'  class='av-layout-grid-container av-121bi9s-571af637ee1b2aa3e46d35780c2a208f entry-content-wrapper main_color av-flex-cells  avia-builder-el-0  el_before_av_section  avia-builder-el-first   container_wrap sidebar_right'  >\n\n<style type=\"text\/css\" data-created_by=\"avia_inline_auto\" id=\"style-css-av-z77o0w-a246d57706f8f8f4042c622a06cae744\">\n.flex_cell.av-z77o0w-a246d57706f8f8f4042c622a06cae744{\nvertical-align:middle;\nheight:500px;\nmin-height:500px;\nbackground:url(https:\/\/www.brainsolutionscenter.com\/wp-content\/uploads\/2018\/04\/brain-training.jpg) 50% 50% no-repeat scroll ;\n}\n.responsive #top #wrap_all .flex_cell.av-z77o0w-a246d57706f8f8f4042c622a06cae744{\npadding:0px 0px 0px 0px !important;\n}\n<\/style>\n<div class='flex_cell av-z77o0w-a246d57706f8f8f4042c622a06cae744 av-gridrow-cell av_one_half no_margin  avia-builder-el-1  el_before_av_cell_one_half  avia-builder-el-first  av-zero-padding avia-full-stretch'  ><div class='flex_cell_inner'><\/div><\/div>\n<style type=\"text\/css\" data-created_by=\"avia_inline_auto\" id=\"style-css-av-yc8wuo-45bc925e816750d11d53a8b91a9f93ba\">\n.flex_cell.av-yc8wuo-45bc925e816750d11d53a8b91a9f93ba{\nvertical-align:middle;\nheight:500px;\nmin-height:500px;\nbackground-color:#f15b5a;\n}\n.responsive #top #wrap_all .flex_cell.av-yc8wuo-45bc925e816750d11d53a8b91a9f93ba{\npadding:80px 80px 80px 80px !important;\n}\n<\/style>\n<div class='flex_cell av-yc8wuo-45bc925e816750d11d53a8b91a9f93ba av-gridrow-cell av_one_half no_margin  avia-builder-el-2  el_after_av_cell_one_half  avia-builder-el-last '  ><div class='flex_cell_inner'><p>\n<style type=\"text\/css\" data-created_by=\"avia_inline_auto\" id=\"style-css-av-w3i3sg-0658b5c0b8e959be6d5e13d04efc84fd\">\n#top .av-special-heading.av-w3i3sg-0658b5c0b8e959be6d5e13d04efc84fd{\npadding-bottom:25px;\ncolor:#ffffff;\nfont-size:34px;\n}\nbody .av-special-heading.av-w3i3sg-0658b5c0b8e959be6d5e13d04efc84fd .av-special-heading-tag .heading-char{\nfont-size:25px;\n}\n#top #wrap_all .av-special-heading.av-w3i3sg-0658b5c0b8e959be6d5e13d04efc84fd .av-special-heading-tag{\nfont-size:34px;\n}\n.av-special-heading.av-w3i3sg-0658b5c0b8e959be6d5e13d04efc84fd .special-heading-inner-border{\nborder-color:#ffffff;\n}\n.av-special-heading.av-w3i3sg-0658b5c0b8e959be6d5e13d04efc84fd .av-subheading{\nfont-size:15px;\n}\n\n@media only screen and (min-width: 480px) and (max-width: 767px){ \n#top #wrap_all .av-special-heading.av-w3i3sg-0658b5c0b8e959be6d5e13d04efc84fd .av-special-heading-tag{\nfont-size:0.8em;\n}\n}\n\n@media only screen and (max-width: 479px){ \n#top #wrap_all .av-special-heading.av-w3i3sg-0658b5c0b8e959be6d5e13d04efc84fd .av-special-heading-tag{\nfont-size:0.8em;\n}\n}\n<\/style>\n<div  class='av-special-heading av-w3i3sg-0658b5c0b8e959be6d5e13d04efc84fd av-special-heading-h3 custom-color-heading blockquote modern-quote  avia-builder-el-3  el_before_av_textblock  avia-builder-el-first  av-inherit-size'><h3 class='av-special-heading-tag'  itemprop=\"headline\"  >Preguntas frecuentes<\/h3><div class=\"special-heading-border\"><div class=\"special-heading-inner-border\"><\/div><\/div><\/div><br \/>\n\n<style type=\"text\/css\" data-created_by=\"avia_inline_auto\" id=\"style-css-av-urea40-4fe77a513e37396146a50b4fad73c36d\">\n#top .av_textblock_section.av-urea40-4fe77a513e37396146a50b4fad73c36d .avia_textblock{\ncolor:#ffffff;\n}\n<\/style>\n<section  class='av_textblock_section av-urea40-4fe77a513e37396146a50b4fad73c36d '   itemscope=\"itemscope\" itemtype=\"https:\/\/schema.org\/CreativeWork\" ><div class='avia_textblock av_inherit_color'  itemprop=\"text\" ><p>Si su pregunta no figura en la siguiente lista, por favor<\/p>\n<\/div><\/section><br \/>\n<div  class='avia-button-wrap av-2vf0pc-fc2d639170831bbdc136447d8e2425b1-wrap avia-button-left  avia-builder-el-5  el_after_av_textblock  avia-builder-el-last '><a href='https:\/\/www.brainsolutionscenter.com\/contact\/'  class='avia-button av-2vf0pc-fc2d639170831bbdc136447d8e2425b1 avia-icon_select-no avia-size-medium avia-position-left avia-color-theme-color-subtle'  ><span class='avia_iconbox_title' >Contacte con nosotros para obtener respuestas<\/span><\/a><\/div><\/p>\n<\/div><\/div>\n<\/div>\n<div id='av_section_1'  class='avia-section av-rxj880-868c4be35ce57d4a90ab8a48c12f9db1 main_color avia-section-default avia-no-border-styling  avia-builder-el-6  el_after_av_layout_row  avia-builder-el-last  avia-bg-style-scroll container_wrap sidebar_right'  ><div class='container av-section-cont-open' ><div class='template-page content  av-content-small alpha units'><div class='post-entry post-entry-type-page post-entry-1698'><div class='entry-content-wrapper clearfix'>\n\n<style type=\"text\/css\" data-created_by=\"avia_inline_auto\" id=\"style-css-av-pyon8g-6d4daa123455335525f28b1a144ea3bd\">\n.flex_column.av-pyon8g-6d4daa123455335525f28b1a144ea3bd{\nborder-radius:0px 0px 0px 0px;\npadding:0px 0px 0px 0px;\n}\n<\/style>\n<div  class='flex_column av-pyon8g-6d4daa123455335525f28b1a144ea3bd av_one_fifth  avia-builder-el-7  el_before_av_three_fifth  avia-builder-el-first  first flex_column_div av-zero-column-padding  '     ><\/div>\n<style type=\"text\/css\" data-created_by=\"avia_inline_auto\" id=\"style-css-av-npnz8g-77e6b987de38109afa10d62bbf2303ed\">\n.flex_column.av-npnz8g-77e6b987de38109afa10d62bbf2303ed{\nborder-radius:0px 0px 0px 0px;\npadding:0px 0px 0px 0px;\n}\n<\/style>\n<div  class='flex_column av-npnz8g-77e6b987de38109afa10d62bbf2303ed av_three_fifth  avia-builder-el-8  el_after_av_one_fifth  el_before_av_one_fifth  flex_column_div av-zero-column-padding  '     ><div  class='togglecontainer av-mnhnxc-7a8f76ba03a161e5e7976dbb86118d9d  avia-builder-el-9  avia-builder-el-no-sibling  toggle_close_all' >\n<section class='av_toggle_section av-l2qets-fe0c16d3514995f2745737c56db46d70'  itemscope=\"itemscope\" itemtype=\"https:\/\/schema.org\/CreativeWork\" ><div role=\"tablist\" class=\"single_toggle\" data-tags=\"{Todo} \"  ><p data-fake-id='#toggle-id-1' class='toggler   '  itemprop=\"headline\"  role='tab' tabindex='0' aria-controls='toggle-id-1'>\u00bfQu\u00e9 puedo esperar en mi primera visita?<span class=\"toggle_icon\"><span class=\"vert_icon\"><\/span><span class=\"hor_icon\"><\/span><\/span><\/p><div id='toggle-id-1' class='toggle_wrap  '  ><div class='toggle_content invers-color '  itemprop=\"text\" ><p>Su primera visita para recibir servicios consiste en rellenar el paquete de paciente nuevo. El proceso suele durar menos de 20 minutos. Estaremos a su disposici\u00f3n para responderle y explicarle todos los documentos antes de la firma. Una vez firmado, se le formular\u00e1n una serie de preguntas para completar una evaluaci\u00f3n exhaustiva. El objetivo es evaluar sus puntos fuertes y sus necesidades para orientar el proceso de tratamiento.<\/p>\n<\/div><\/div><\/div><\/section>\n<section class='av_toggle_section av-ighphc-994fadf61827ac9ffaf72ad165c6192c'  itemscope=\"itemscope\" itemtype=\"https:\/\/schema.org\/CreativeWork\" ><div role=\"tablist\" class=\"single_toggle\" data-tags=\"{Todo} \"  ><p data-fake-id='#toggle-id-2' class='toggler   '  itemprop=\"headline\"  role='tab' tabindex='0' aria-controls='toggle-id-2'>\u00bfCu\u00e1nto durar\u00e1 mi cita?<span class=\"toggle_icon\"><span class=\"vert_icon\"><\/span><span class=\"hor_icon\"><\/span><\/span><\/p><div id='toggle-id-2' class='toggle_wrap  '  ><div class='toggle_content invers-color '  itemprop=\"text\" ><p>La mayor\u00eda de las sesiones duran entre 45 y 50 minutos.<\/p>\n<\/div><\/div><\/div><\/section>\n<section class='av_toggle_section av-horz9s-a896d4bcbffd7f25e9d7538a33241a2c'  itemscope=\"itemscope\" itemtype=\"https:\/\/schema.org\/CreativeWork\" ><div role=\"tablist\" class=\"single_toggle\" data-tags=\"{Todo} \"  ><p data-fake-id='#toggle-id-3' class='toggler   '  itemprop=\"headline\"  role='tab' tabindex='0' aria-controls='toggle-id-3'>\u00bfAceptan pacientes que pagan por su cuenta?<span class=\"toggle_icon\"><span class=\"vert_icon\"><\/span><span class=\"hor_icon\"><\/span><\/span><\/p><div id='toggle-id-3' class='toggle_wrap  '  ><div class='toggle_content invers-color '  itemprop=\"text\" ><p>S\u00ed. Aceptamos pagos en efectivo y con cheque.<\/p>\n<\/div><\/div><\/div><\/section>\n<section class='av_toggle_section av-fsu7fk-4464e04db22cd3c7ba3e94b35fdc8c8f'  itemscope=\"itemscope\" itemtype=\"https:\/\/schema.org\/CreativeWork\" ><div role=\"tablist\" class=\"single_toggle\" data-tags=\"{Todo} \"  ><p data-fake-id='#toggle-id-4' class='toggler   '  itemprop=\"headline\"  role='tab' tabindex='0' aria-controls='toggle-id-4'>\u00bfQu\u00e9 seguros aceptan?<span class=\"toggle_icon\"><span class=\"vert_icon\"><\/span><span class=\"hor_icon\"><\/span><\/span><\/p><div id='toggle-id-4' class='toggle_wrap  '  ><div class='toggle_content invers-color '  itemprop=\"text\" ><p>Aceptamos la mayor\u00eda de los seguros. Encontrar\u00e1 una lista completa en la <a href=\"https:\/\/www.brainsolutionscenter.com\/es\/seguros\/\">p\u00e1gina de seguros<\/a>.<\/p>\n<\/div><\/div><\/div><\/section>\n<section class='av_toggle_section av-e2b9hc-64ea87c3e4363f682e301aac75c80a0f'  itemscope=\"itemscope\" itemtype=\"https:\/\/schema.org\/CreativeWork\" ><div role=\"tablist\" class=\"single_toggle\" data-tags=\"{Todo} \"  ><p data-fake-id='#toggle-id-5' class='toggler   '  itemprop=\"headline\"  role='tab' tabindex='0' aria-controls='toggle-id-5'>\u00bfCu\u00e1l es su pol\u00edtica de privacidad?<span class=\"toggle_icon\"><span class=\"vert_icon\"><\/span><span class=\"hor_icon\"><\/span><\/span><\/p><div id='toggle-id-5' class='toggle_wrap  '  ><div class='toggle_content invers-color '  itemprop=\"text\" ><p>Puede revisar e imprimir nuestra pol\u00edtica de privacidad en la <a href=\"https:\/\/www.brainsolutionscenter.com\/es\/formularios\/\">p\u00e1gina Formularios<\/a>.<\/p>\n<\/div><\/div><\/div><\/section>\n<section class='av_toggle_section av-d58f40-53c039b1dc9ddfe3d7cd29930afe58ca'  itemscope=\"itemscope\" itemtype=\"https:\/\/schema.org\/CreativeWork\" ><div role=\"tablist\" class=\"single_toggle\" data-tags=\"{Todo} \"  ><p data-fake-id='#toggle-id-6' class='toggler   '  itemprop=\"headline\"  role='tab' tabindex='0' aria-controls='toggle-id-6'>\u00bfC\u00f3mo puedo concertar una cita?<span class=\"toggle_icon\"><span class=\"vert_icon\"><\/span><span class=\"hor_icon\"><\/span><\/span><\/p><div id='toggle-id-6' class='toggle_wrap  '  ><div class='toggle_content invers-color '  itemprop=\"text\" ><p>Llame al 480-779-9050 para concertar una cita durante el horario comercial normal, de lunes a viernes de 9 a 17 horas, o utilice nuestra <a href=\"https:\/\/www.brainsolutionscenter.com\/es\/pongase-en-contacto-con\/\">p\u00e1gina de Contacto<\/a> para enviar un correo electr\u00f3nico a nuestro personal y concertar una cita.<\/p>\n<\/div><\/div><\/div><\/section>\n<section class='av_toggle_section av-agp734-c8ac6c8d443a5de7c767d5ba4238c67c'  itemscope=\"itemscope\" itemtype=\"https:\/\/schema.org\/CreativeWork\" ><div role=\"tablist\" class=\"single_toggle\" data-tags=\"{Todo} \"  ><p data-fake-id='#toggle-id-7' class='toggler   '  itemprop=\"headline\"  role='tab' tabindex='0' aria-controls='toggle-id-7'>\u00bfQu\u00e9 debe llevar a su primera visita?<span class=\"toggle_icon\"><span class=\"vert_icon\"><\/span><span class=\"hor_icon\"><\/span><\/span><\/p><div id='toggle-id-7' class='toggle_wrap  '  ><div class='toggle_content invers-color '  itemprop=\"text\" ><ul>\n<li>Su tarjeta del seguro (si procede).<\/li>\n<li>Permiso de conducir u otro documento de identidad.<\/li>\n<li>Cualquier remisi\u00f3n aplicable o documentaci\u00f3n de autorizaci\u00f3n para su visita.<\/li>\n<li>Efectivo o cheque para el pago de la visita o los copagos.<\/li>\n<li>Una lista actualizada de los medicamentos que est\u00e1 tomando.<\/li>\n<li>Documentaci\u00f3n para nuevos pacientes disponible para su descarga <a href=\"https:\/\/www.brainsolutionscenter.com\/es\/formularios\/\">aqu\u00ed<\/a>.<\/li>\n<li>Si no puede descargar los formularios, pres\u00e9ntese 30 minutos antes de su cita para rellenarlos.<\/li>\n<\/ul>\n<\/div><\/div><\/div><\/section>\n<section class='av_toggle_section av-8g1vuo-9eb4e8db6b3dc0df5e8175c9cfcfee8e'  itemscope=\"itemscope\" itemtype=\"https:\/\/schema.org\/CreativeWork\" ><div role=\"tablist\" class=\"single_toggle\" data-tags=\"{Todo} \"  ><p data-fake-id='#toggle-id-8' class='toggler   '  itemprop=\"headline\"  role='tab' tabindex='0' aria-controls='toggle-id-8'>\u00bfCu\u00e1nto costar\u00e1?<span class=\"toggle_icon\"><span class=\"vert_icon\"><\/span><span class=\"hor_icon\"><\/span><\/span><\/p><div id='toggle-id-8' class='toggle_wrap  '  ><div class='toggle_content invers-color '  itemprop=\"text\" ><p>Encontrar\u00e1 todos nuestros costes estimados de servicios en nuestra <a href=\"https:\/\/www.brainsolutionscenter.com\/es\/tasas\/\">pesta\u00f1a Tarifas<\/a>.<\/p>\n<\/div><\/div><\/div><\/section>\n<section class='av_toggle_section av-7xe5r4-8f116a202e8e5693b52caa2cb300f3e2'  itemscope=\"itemscope\" itemtype=\"https:\/\/schema.org\/CreativeWork\" ><div role=\"tablist\" class=\"single_toggle\" data-tags=\"{Todo} \"  ><p data-fake-id='#toggle-id-9' class='toggler   '  itemprop=\"headline\"  role='tab' tabindex='0' aria-controls='toggle-id-9'>\u00bfRecetan medicamentos?<span class=\"toggle_icon\"><span class=\"vert_icon\"><\/span><span class=\"hor_icon\"><\/span><\/span><\/p><div id='toggle-id-9' class='toggle_wrap  '  ><div class='toggle_content invers-color '  itemprop=\"text\" ><p>La medicaci\u00f3n para cualquier problema de salud conductual puede ser prescrita por un proveedor psiqui\u00e1trico dependiendo del proveedor con el que desee concertar una cita.<\/p>\n<\/div><\/div><\/div><\/section>\n<section class='av_toggle_section av-62ijdc-076b51317ae58e02ae9d7db682b64dfb'  itemscope=\"itemscope\" itemtype=\"https:\/\/schema.org\/CreativeWork\" ><div role=\"tablist\" class=\"single_toggle\" data-tags=\"{Todo} \"  ><p data-fake-id='#toggle-id-10' class='toggler   '  itemprop=\"headline\"  role='tab' tabindex='0' aria-controls='toggle-id-10'>\u00bfQu\u00e9 es la EMDR?  <span class=\"toggle_icon\"><span class=\"vert_icon\"><\/span><span class=\"hor_icon\"><\/span><\/span><\/p><div id='toggle-id-10' class='toggle_wrap  '  ><div class='toggle_content invers-color '  itemprop=\"text\" ><p>EMDR (Desensibilizaci\u00f3n y Reprocesamiento por Movimientos Oculares) es un enfoque psicoterap\u00e9utico desarrollado por la Dra. Francine Shapiro para ayudar a las personas a curarse de traumas o adversidades como problemas de abuso, acoso, violencia dom\u00e9stica, duelo\/p\u00e9rdida, heridas de apego, abandono, TEPT y muchos otros problemas complicados de la vida. La terapia EMDR est\u00e1 ahora validada como un enfoque basado en la evidencia e incluida en SAMHSA (la Administraci\u00f3n de Servicios de Salud Mental y Abuso de Sustancias) y en el Registro Nacional de Programas y Pr\u00e1cticas Basados en la Evidencia. Adem\u00e1s, la terapia EMDR ha sido validada por m\u00e1s de 20 ensayos cl\u00ednicos controlados y aleatorizados.<\/p>\n<div  class='avia-button-wrap av-4hh7m8-79a7680371654cbbd88b8d399ddf88af-wrap avia-button-left  avia-builder-el-10  avia-builder-el-no-sibling '><a href='https:\/\/www.brainsolutionscenter.com\/services\/#emdr'  class='avia-button av-4hh7m8-79a7680371654cbbd88b8d399ddf88af avia-icon_select-yes-left-icon avia-size-small avia-position-left avia-color-theme-color'  ><span class='avia_button_icon avia_button_icon_left' aria-hidden='true' data-av_icon='\ue881' data-av_iconfont='entypo-fontello'><\/span><span class='avia_iconbox_title' >V\u00eddeos y descargas de EMDR<\/span><\/a><\/div>\n<p>Todos los proveedores de Brain Solutions est\u00e1n certificados en EMDR. Para m\u00e1s informaci\u00f3n, visite <a href=\"http:\/\/www.emdr.com\/\" target=\"_blank\" rel=\"noopener\">www.EMDR.com<\/a><\/p>\n<\/div><\/div><\/div><\/section>\n<\/div><\/div>\n<style type=\"text\/css\" data-created_by=\"avia_inline_auto\" id=\"style-css-av-2mq39s-3860a3dd9e7a656a1c8c60e02198e662\">\n.flex_column.av-2mq39s-3860a3dd9e7a656a1c8c60e02198e662{\nborder-radius:0px 0px 0px 0px;\npadding:0px 0px 0px 0px;\n}\n<\/style>\n<div  class='flex_column av-2mq39s-3860a3dd9e7a656a1c8c60e02198e662 av_one_fifth  avia-builder-el-11  el_after_av_three_fifth  avia-builder-el-last  flex_column_div av-zero-column-padding  '     ><\/div><\/div><\/div><\/div><!-- close content main div --><\/div><\/div><div id='after_section_1'  class='main_color av_default_container_wrap container_wrap sidebar_right'  ><div class='container av-section-cont-open' ><div class='template-page content  av-content-small alpha units'><div class='post-entry post-entry-type-page post-entry-1698'><div class='entry-content-wrapper clearfix'>\n","protected":false},"excerpt":{"rendered":"","protected":false},"author":1,"featured_media":0,"parent":0,"menu_order":0,"comment_status":"closed","ping_status":"closed","template":"","meta":{"footnotes":""},"class_list":["post-1698","page","type-page","status-publish","hentry"],"_links":{"self":[{"href":"https:\/\/www.brainsolutionscenter.com\/es\/wp-json\/wp\/v2\/pages\/1698","targetHints":{"allow":["GET"]}}],"collection":[{"href":"https:\/\/www.brainsolutionscenter.com\/es\/wp-json\/wp\/v2\/pages"}],"about":[{"href":"https:\/\/www.brainsolutionscenter.com\/es\/wp-json\/wp\/v2\/types\/page"}],"author":[{"embeddable":true,"href":"https:\/\/www.brainsolutionscenter.com\/es\/wp-json\/wp\/v2\/users\/1"}],"replies":[{"embeddable":true,"href":"https:\/\/www.brainsolutionscenter.com\/es\/wp-json\/wp\/v2\/comments?post=1698"}],"version-history":[{"count":2,"href":"https:\/\/www.brainsolutionscenter.com\/es\/wp-json\/wp\/v2\/pages\/1698\/revisions"}],"predecessor-version":[{"id":1700,"href":"https:\/\/www.brainsolutionscenter.com\/es\/wp-json\/wp\/v2\/pages\/1698\/revisions\/1700"}],"wp:attachment":[{"href":"https:\/\/www.brainsolutionscenter.com\/es\/wp-json\/wp\/v2\/media?parent=1698"}],"curies":[{"name":"wp","href":"https:\/\/api.w.org\/{rel}","templated":true}]}}