{"id":1695,"date":"2018-04-18T03:56:04","date_gmt":"2018-04-18T10:56:04","guid":{"rendered":"https:\/\/www.brainsolutionscenter.com\/tasas\/"},"modified":"2025-08-11T16:30:55","modified_gmt":"2025-08-11T23:30:55","slug":"tasas","status":"publish","type":"page","link":"https:\/\/www.brainsolutionscenter.com\/es\/tasas\/","title":{"rendered":"Tasas"},"content":{"rendered":"<div id='av-layout-grid-1'  class='av-layout-grid-container av-l8wodp-dcae0b52735b64670eaeaa1f9272d2d5 entry-content-wrapper main_color av-flex-cells  avia-builder-el-0  el_before_av_section  avia-builder-el-first   container_wrap sidebar_right'  >\n\n<style type=\"text\/css\" data-created_by=\"avia_inline_auto\" id=\"style-css-av-j1bg8d-0f8711bd0c05d3710c67ef3e041f28b2\">\n.flex_cell.av-j1bg8d-0f8711bd0c05d3710c67ef3e041f28b2{\nvertical-align:middle;\nheight:500px;\nmin-height:500px;\nbackground:url(https:\/\/www.brainsolutionscenter.com\/wp-content\/uploads\/2018\/04\/medication-brain-diagram.jpg) 50% 50% no-repeat scroll ;\n}\n.responsive #top #wrap_all .flex_cell.av-j1bg8d-0f8711bd0c05d3710c67ef3e041f28b2{\npadding:0px 0px 0px 0px !important;\n}\n<\/style>\n<div class='flex_cell av-j1bg8d-0f8711bd0c05d3710c67ef3e041f28b2 av-gridrow-cell av_one_half no_margin  avia-builder-el-1  el_before_av_cell_one_half  avia-builder-el-first  av-zero-padding avia-full-stretch'  ><div class='flex_cell_inner'><\/div><\/div>\n<style type=\"text\/css\" data-created_by=\"avia_inline_auto\" id=\"style-css-av-hkray5-e53266eace3148904af408c268958468\">\n.flex_cell.av-hkray5-e53266eace3148904af408c268958468{\nvertical-align:middle;\nheight:500px;\nmin-height:500px;\nbackground-color:#f15b5a;\n}\n.responsive #top #wrap_all .flex_cell.av-hkray5-e53266eace3148904af408c268958468{\npadding:80px 80px 80px 80px !important;\n}\n<\/style>\n<div class='flex_cell av-hkray5-e53266eace3148904af408c268958468 av-gridrow-cell av_one_half no_margin  avia-builder-el-2  el_after_av_cell_one_half  avia-builder-el-last '  ><div class='flex_cell_inner'><p>\n<style type=\"text\/css\" data-created_by=\"avia_inline_auto\" id=\"style-css-av-f3sab1-d8595f16a7e68c206a079e3706ae7c53\">\n#top .av-special-heading.av-f3sab1-d8595f16a7e68c206a079e3706ae7c53{\npadding-bottom:25px;\ncolor:#ffffff;\nfont-size:34px;\n}\nbody .av-special-heading.av-f3sab1-d8595f16a7e68c206a079e3706ae7c53 .av-special-heading-tag .heading-char{\nfont-size:25px;\n}\n#top #wrap_all .av-special-heading.av-f3sab1-d8595f16a7e68c206a079e3706ae7c53 .av-special-heading-tag{\nfont-size:34px;\n}\n.av-special-heading.av-f3sab1-d8595f16a7e68c206a079e3706ae7c53 .special-heading-inner-border{\nborder-color:#ffffff;\n}\n.av-special-heading.av-f3sab1-d8595f16a7e68c206a079e3706ae7c53 .av-subheading{\nfont-size:15px;\n}\n\n@media only screen and (min-width: 480px) and (max-width: 767px){ \n#top #wrap_all .av-special-heading.av-f3sab1-d8595f16a7e68c206a079e3706ae7c53 .av-special-heading-tag{\nfont-size:0.8em;\n}\n}\n\n@media only screen and (max-width: 479px){ \n#top #wrap_all .av-special-heading.av-f3sab1-d8595f16a7e68c206a079e3706ae7c53 .av-special-heading-tag{\nfont-size:0.8em;\n}\n}\n<\/style>\n<div  class='av-special-heading av-f3sab1-d8595f16a7e68c206a079e3706ae7c53 av-special-heading-h3 custom-color-heading blockquote modern-quote  avia-builder-el-3  el_before_av_textblock  avia-builder-el-first  av-inherit-size'><h3 class='av-special-heading-tag'  itemprop=\"headline\"  >Estructura de tasas<\/h3><div class=\"special-heading-border\"><div class=\"special-heading-inner-border\"><\/div><\/div><\/div><br \/>\n\n<style type=\"text\/css\" data-created_by=\"avia_inline_auto\" id=\"style-css-av-ejgjpp-24b7fd322bc24e947e60b8163ed8452a\">\n#top .av_textblock_section.av-ejgjpp-24b7fd322bc24e947e60b8163ed8452a .avia_textblock{\ncolor:#ffffff;\n}\n<\/style>\n<section  class='av_textblock_section av-ejgjpp-24b7fd322bc24e947e60b8163ed8452a '   itemscope=\"itemscope\" itemtype=\"https:\/\/schema.org\/CreativeWork\" ><div class='avia_textblock av_inherit_color'  itemprop=\"text\" ><p>El coste de las citas depende del tipo de cita y del proveedor que se utilice.<\/p>\n<p>Las citas pueden reservarse para asesoramiento, medicaci\u00f3n o ambos. Otras citas pueden estar bajo un c\u00f3digo de procedimiento diferente y se facturar\u00e1n en consecuencia.<\/p>\n<\/div><\/section><\/p>\n<\/div><\/div>\n<\/div>\n<div id='av_section_1'  class='avia-section av-cwb4rh-9c1c937758ce657dbe767b89ad24b3b5 main_color avia-section-default avia-no-border-styling  avia-builder-el-5  el_after_av_layout_row  avia-builder-el-last  avia-bg-style-scroll container_wrap sidebar_right'  ><div class='container av-section-cont-open' ><div class='template-page content  av-content-small alpha units'><div class='post-entry post-entry-type-page post-entry-1695'><div class='entry-content-wrapper clearfix'>\n\n<style type=\"text\/css\" data-created_by=\"avia_inline_auto\" id=\"style-css-av-akrsvh-d10eb0865e55ace0d8831f4a1aae8b25\">\n.flex_column.av-akrsvh-d10eb0865e55ace0d8831f4a1aae8b25{\nborder-radius:0px 0px 0px 0px;\npadding:0px 0px 0px 0px;\n}\n<\/style>\n<div  class='flex_column av-akrsvh-d10eb0865e55ace0d8831f4a1aae8b25 av_two_third  avia-builder-el-6  el_before_av_one_third  avia-builder-el-first  first flex_column_div av-zero-column-padding  '     ><section  class='av_textblock_section av-8mnd8t-9fc6170a300eccebb156f5b6e3ee4bd4 '   itemscope=\"itemscope\" itemtype=\"https:\/\/schema.org\/CreativeWork\" ><div class='avia_textblock'  itemprop=\"text\" ><p><strong>Cancelaci\u00f3n tard\u00eda \/ No presentarse: <\/strong><br \/>\nBrain Solutions PLLC requiere 24hrs. de aviso para la cancelaci\u00f3n de citas programadas. El cargo por una cancelaci\u00f3n tard\u00eda o por no presentarse es de $100.  <\/p>\n<p><strong>Formas de pago:<\/strong><br \/>\nBrain Solutions PLLC acepta Visa, MasterCard, American Express, Discover, tarjetas de d\u00e9bito, efectivo y cheques personales.<\/p>\n<\/div><\/section><\/div>\n<style type=\"text\/css\" data-created_by=\"avia_inline_auto\" id=\"style-css-av-6y95n1-92f177c836a02aec4db18653f3bc1f42\">\n.flex_column.av-6y95n1-92f177c836a02aec4db18653f3bc1f42{\nborder-radius:0px 0px 0px 0px;\npadding:0px 0px 0px 0px;\n}\n<\/style>\n<div  class='flex_column av-6y95n1-92f177c836a02aec4db18653f3bc1f42 av_one_third  avia-builder-el-8  el_after_av_two_third  avia-builder-el-last  flex_column_div av-zero-column-padding  '     ><p><div  class='avia-button-wrap av-5hg7zx-89136e680e50927838d97459b63c6528-wrap avia-button-center  avia-builder-el-9  el_before_av_hr  avia-builder-el-first '><a href='https:\/\/pay.balancecollect.com\/m\/brainsolutionspllc' class='avia-button av-5hg7zx-89136e680e50927838d97459b63c6528 avia-icon_select-no avia-size-large avia-position-center avia-color-theme-color' target=\"_blank\" rel=\"noopener noreferrer\"><span class='avia_iconbox_title' >Pago de facturas<\/span><\/a><\/div><br \/>\n\n<style type=\"text\/css\" data-created_by=\"avia_inline_auto\" id=\"style-css-av-4p3cgd-6f9ce1aaa71c5a69936b63632d606cc1\">\n#top .hr.hr-invisible.av-4p3cgd-6f9ce1aaa71c5a69936b63632d606cc1{\nheight:15px;\n}\n<\/style>\n<div  class='hr av-4p3cgd-6f9ce1aaa71c5a69936b63632d606cc1 hr-invisible  avia-builder-el-10  el_after_av_button  el_before_av_image '><span class='hr-inner '><span class=\"hr-inner-style\"><\/span><\/span><\/div><br \/>\n\n<style type=\"text\/css\" data-created_by=\"avia_inline_auto\" id=\"style-css-av-28hehp-99de80c27dae97386475b72cc0e85aef\">\n.avia-image-container.av-28hehp-99de80c27dae97386475b72cc0e85aef img.avia_image{\nbox-shadow:none;\n}\n.avia-image-container.av-28hehp-99de80c27dae97386475b72cc0e85aef .av-image-caption-overlay-center{\ncolor:#ffffff;\n}\n<\/style>\n<div  class='avia-image-container av-28hehp-99de80c27dae97386475b72cc0e85aef av-styling- avia-align-center  avia-builder-el-11  el_after_av_hr  avia-builder-el-last '   itemprop=\"image\" itemscope=\"itemscope\" itemtype=\"https:\/\/schema.org\/ImageObject\" ><div class=\"avia-image-container-inner\"><div class=\"avia-image-overlay-wrap\"><img decoding=\"async\" fetchpriority=\"high\" class='wp-image-1631 avia-img-lazy-loading-not-1631 avia_image ' src=\"https:\/\/www.brainsolutionscenter.com\/wp-content\/uploads\/2019\/08\/payment-logos.jpg\" alt='Payment logos' title=''  height=\"136\" width=\"308\"  itemprop=\"thumbnailUrl\" srcset=\"https:\/\/www.brainsolutionscenter.com\/wp-content\/uploads\/2019\/08\/payment-logos.jpg 308w, https:\/\/www.brainsolutionscenter.com\/wp-content\/uploads\/2019\/08\/payment-logos-300x132.jpg 300w\" sizes=\"(max-width: 308px) 100vw, 308px\" \/><\/div><\/div><\/div><\/p><\/div><\/div><\/div><\/div><!-- close content main div --><\/div><\/div><div id='after_section_1'  class='main_color av_default_container_wrap container_wrap sidebar_right'  ><div class='container av-section-cont-open' ><div class='template-page content  av-content-small alpha units'><div class='post-entry post-entry-type-page post-entry-1695'><div class='entry-content-wrapper clearfix'>\n","protected":false},"excerpt":{"rendered":"","protected":false},"author":1,"featured_media":0,"parent":0,"menu_order":0,"comment_status":"closed","ping_status":"closed","template":"","meta":{"footnotes":""},"class_list":["post-1695","page","type-page","status-publish","hentry"],"_links":{"self":[{"href":"https:\/\/www.brainsolutionscenter.com\/es\/wp-json\/wp\/v2\/pages\/1695","targetHints":{"allow":["GET"]}}],"collection":[{"href":"https:\/\/www.brainsolutionscenter.com\/es\/wp-json\/wp\/v2\/pages"}],"about":[{"href":"https:\/\/www.brainsolutionscenter.com\/es\/wp-json\/wp\/v2\/types\/page"}],"author":[{"embeddable":true,"href":"https:\/\/www.brainsolutionscenter.com\/es\/wp-json\/wp\/v2\/users\/1"}],"replies":[{"embeddable":true,"href":"https:\/\/www.brainsolutionscenter.com\/es\/wp-json\/wp\/v2\/comments?post=1695"}],"version-history":[{"count":2,"href":"https:\/\/www.brainsolutionscenter.com\/es\/wp-json\/wp\/v2\/pages\/1695\/revisions"}],"predecessor-version":[{"id":1697,"href":"https:\/\/www.brainsolutionscenter.com\/es\/wp-json\/wp\/v2\/pages\/1695\/revisions\/1697"}],"wp:attachment":[{"href":"https:\/\/www.brainsolutionscenter.com\/es\/wp-json\/wp\/v2\/media?parent=1695"}],"curies":[{"name":"wp","href":"https:\/\/api.w.org\/{rel}","templated":true}]}}